{"id":3422,"date":"2018-07-17T17:27:20","date_gmt":"2018-07-17T20:27:20","guid":{"rendered":"https:\/\/www.directbiz.com.br\/home\/?post_type=product&#038;p=3422"},"modified":"2022-05-25T20:16:00","modified_gmt":"2022-05-25T23:16:00","slug":"5-encontro-de-vendas-diretas-directbiz-trevisan","status":"publish","type":"product","link":"https:\/\/www.directbiz.com.br\/home\/product\/5-encontro-de-vendas-diretas-directbiz-trevisan\/","title":{"rendered":"5\u00b0 Encontro de Vendas Diretas &#8211; DirectBiz Trevisan"},"content":{"rendered":"","protected":false},"excerpt":{"rendered":"<h3><strong>15\/08\/2018 &#8211; Quarta Feira<\/strong><br \/>\n<strong>8:30h &#8211; 17:30h<\/strong><\/h3>\n<p>Trevisan Escola de Neg\u00f3cios<br \/>\nAv. Padre Ant\u00f4nio Jos\u00e9 dos Santos, 1530, Brooklin Novo, S\u00e3o Paulo\/SP<\/p>\n<p>&nbsp;<\/p>\n<p><strong>Disrup\u00e7\u00e3o com Pragmatismo <\/strong><br \/>\n<strong>Estamos preparados para a inova\u00e7\u00e3o constante?<\/strong><\/p>\n<p>8:00hs \u2013 Welcome Coffee<\/p>\n<p>8:30hs \u2013 Abertura<br \/>\nModerador Geral: <strong>Jeferson Mola<\/strong>, Coordenador Acad\u00eamico e Docente na <strong>Trevisan Escola de Neg\u00f3cios<\/strong> e consultor especialista em Comunica\u00e7\u00e3o.<\/p>\n<p>9:00 \u00e0s 10:30hs &#8211; <strong>PAINEL DISRUP\u00c7\u00c3O<\/strong><br \/>\nTema: <strong>Como Inovar com Pragmatismo?<\/strong><br \/>\nPalestrante: <strong>Marcelo Silva<\/strong> \u2013 Digital Marketing Manager \u2013 <strong>Swift<\/strong><br \/>\nPainelistas:<br \/>\n<strong>Renata Ribeiro<\/strong> \u2013 Consultora Inova\u00e7\u00e3o \u2013 <strong>DirectBiz Consultants<\/strong><br \/>\n<strong>Thiago Stockler<\/strong> \u2013 Partner \u2013 <strong>Act4 Media Content<\/strong><br \/>\nCase Sucesso: <strong>DOCWAY<\/strong> \u2013 <strong>Fabio Tiepolo<\/strong> \u2013 Fundador e CEO<\/p>\n<p>10:30 \u00e0s 12:30hs &#8211; <strong>PAINEL TRANSFORMA\u00c7\u00c3O DIGITAL<\/strong><br \/>\nTema: <strong>A Tecnologia \u00e9 a Nova Protagonista Estrat\u00e9gica?<\/strong><br \/>\nPalestrante: <strong>L\u00edndice Thiengo<\/strong> \u2013 Coordenadora Dados e Analytics \u2013 <strong>SulAm\u00e9rica<\/strong><br \/>\nPainelistas:<br \/>\n<strong>Marcus Pimenta<\/strong> \u2013 Consultor Gest\u00e3o \u2013 <strong>DirectBiz Consultants<\/strong><br \/>\n<strong>Marcio Mazzali<\/strong> \u2013 CEO \u2013 <strong>Mazzatech e Mazza ATS<\/strong><br \/>\n<strong>Guilherme Eler<\/strong> \u2013 Gerente de Neg\u00f3cios Digitais \u2013 <strong>Franquia Digital Natura<\/strong><\/p>\n<p>12:20 \u00e0s 13:30hs &#8211; Brunch e Network (oferecimento DirectBiz 21 anos)<\/p>\n<p>13:30 \u00e0s 15:30hs \u2013 <strong>PAINEL MUNDO OMNI<\/strong><br \/>\nTema: <strong>Por Que Integrar e Convergir Canais de Vendas?<\/strong><br \/>\nPalestrante: <strong>Rose Ghachache<\/strong> \u2013 Docente e Consultora Internacional em Marketing e Tend\u00eancias<br \/>\nPainelistas:<br \/>\n<strong>Amilcar Molinari<\/strong> \u2013 Consultor S\u00eanior especialista em <strong>Varejo <\/strong>e <strong>e-Commerce<\/strong><br \/>\n<strong>Morvan Ribeiro<\/strong> \u2013 Consultor Senior especialista em <strong>Franchising<\/strong><br \/>\n<strong>Rui Adriano Rosas<\/strong> \u2013 Consultor S\u00eanior especialista em <strong>Vendas Diretas<\/strong><br \/>\nCase Sucesso: <strong>DIRECTBIZ<\/strong> \u2013 <strong>Joseane Tostes<\/strong> \u2013 Diretora Omnichannel<\/p>\n<p>15:30 \u00e0s 17:15hs \u2013 <strong>PAINEL CEOs<\/strong><br \/>\nTema: <strong>Para que Futuro essas Vis\u00f5es nos Conduzem?<\/strong><br \/>\nPainelistas:<br \/>\n<strong>Jos\u00e9 Damigo Neto<\/strong> \u2013 CEO \u2013 <strong>Racco Cosm\u00e9ticos<\/strong><br \/>\n<strong>Marcel Szajubok<\/strong> \u2013 CEO \u2013 <strong>Jeunesse Global Brasil<\/strong><br \/>\n<strong>Mauro Melo<\/strong> \u2013 Diretor Comercial \u2013 <strong>Jequiti Cosm\u00e9ticos<\/strong><br \/>\n<strong>Cid Pereira<\/strong> \u2013 Gerente de Inova\u00e7\u00e3o Comercial \u2013 <strong>Natura &#038; Co<\/strong><br \/>\n<strong>Marcelo Pinheiro \u2013 <\/strong>Fundador e Diretor Geral \u2013 <strong>DirectBiz Consultants<\/strong><\/p>\n<p>17:15hs &#8211; Encerramento<\/p>\n<p>&nbsp;<\/p>\n<p><strong>INSCREVA-SE AGORA!<\/strong><\/p>\n","protected":false},"featured_media":3486,"comment_status":"open","ping_status":"closed","template":"","meta":[],"product_brand":[],"product_cat":[87],"product_tag":[],"class_list":{"0":"post-3422","1":"product","2":"type-product","3":"status-publish","4":"has-post-thumbnail","6":"product_cat-eventos","8":"first","9":"outofstock","10":"virtual","11":"purchasable","12":"product-type-simple"},"_links":{"self":[{"href":"https:\/\/www.directbiz.com.br\/home\/wp-json\/wp\/v2\/product\/3422","targetHints":{"allow":["GET"]}}],"collection":[{"href":"https:\/\/www.directbiz.com.br\/home\/wp-json\/wp\/v2\/product"}],"about":[{"href":"https:\/\/www.directbiz.com.br\/home\/wp-json\/wp\/v2\/types\/product"}],"replies":[{"embeddable":true,"href":"https:\/\/www.directbiz.com.br\/home\/wp-json\/wp\/v2\/comments?post=3422"}],"wp:featuredmedia":[{"embeddable":true,"href":"https:\/\/www.directbiz.com.br\/home\/wp-json\/wp\/v2\/media\/3486"}],"wp:attachment":[{"href":"https:\/\/www.directbiz.com.br\/home\/wp-json\/wp\/v2\/media?parent=3422"}],"wp:term":[{"taxonomy":"product_brand","embeddable":true,"href":"https:\/\/www.directbiz.com.br\/home\/wp-json\/wp\/v2\/product_brand?post=3422"},{"taxonomy":"product_cat","embeddable":true,"href":"https:\/\/www.directbiz.com.br\/home\/wp-json\/wp\/v2\/product_cat?post=3422"},{"taxonomy":"product_tag","embeddable":true,"href":"https:\/\/www.directbiz.com.br\/home\/wp-json\/wp\/v2\/product_tag?post=3422"}],"curies":[{"name":"wp","href":"https:\/\/api.w.org\/{rel}","templated":true}]}}