{"id":4025,"date":"2018-09-13T15:34:09","date_gmt":"2018-09-13T18:34:09","guid":{"rendered":"https:\/\/www.directbiz.com.br\/home\/?page_id=4025"},"modified":"2022-06-29T14:31:32","modified_gmt":"2022-06-29T17:31:32","slug":"no-blog","status":"publish","type":"page","link":"https:\/\/www.directbiz.com.br\/home\/no-blog\/","title":{"rendered":"No Blog"},"content":{"rendered":"<p>[vc_row][vc_column]<div class=\"\">\n\t<div class=\"rt-vc-title rtin-section-title-center\">\n\t\t\t\t\t<h2 class=\"rt-section-title-vc\" style=\"font-size:36px; color:#222222;\">No Blog<\/h2>\n\t\t\t<\/div>\n<\/div>[vc_column_text]A\u00a0<strong>Direct<\/strong><span style=\"color: #ff0000;\"><strong>Biz<\/strong><\/span>\u00a0possui uma equipe de consultores multidisciplinares especialistas em Venda Direta, e-Commerce, Franquias e Varejo tradicional.<\/p>\n<p>Nossos consultores frequentemente escrevem artigos sobre suas especialidades, que s\u00e3o publicados em diferentes redes e ve\u00edculos de comunica\u00e7\u00e3o, para disseminar conceitos e informa\u00e7\u00f5es sobre seus mercados e sobre o neg\u00f3cio de consultoria de nossa empresa.<\/p>\n<p>Reproduzimos nesse blog alguns de nossos melhores artigos, como fonte de pesquisa e consulta, e colocamos nossa equipe de comunica\u00e7\u00e3o \u00e0 disposi\u00e7\u00e3o para mais esclarecimentos ou novas informa\u00e7\u00f5es.[\/vc_column_text][vc_empty_space]<div class=\"lvca-portfolio-wrap lvca-gapless-grid\"><div id=\"lvca-portfolio-69fc7cd745ff4\" \n                    class=\"lvca-portfolio js-isotope lvca-fitRows lvca-grid-container  lvca-grid-desktop-3 lvca-grid-tablet-2 lvca-grid-mobile-1\"\n                    data-gutter=\"20\"\n                    data-tablet_gutter=\"10\"\n                    data-tablet_width=\"800\"\n                    data-mobile_gutter=\"10\"\n                    data-mobile_width=\"480\"\n                    data-isotope-options='{ \"itemSelector\": \".lvca-portfolio-item\", \"layoutMode\": \"fitRows\" }'><div data-id=\"id-8146\" class=\"lvca-grid-item lvca-portfolio-item  term-98\"><article id=\"post-8146\" class=\"post-8146 post type-post status-publish format-standard has-post-thumbnail hentry category-no-blog\"><div class=\"lvca-project-image\"><a href=\"https:\/\/www.directbiz.com.br\/home\/a-venda-direta-pode-ser-potencializada-pelas-franquias-ou-vice-versa\/\" ><img loading=\"lazy\" decoding=\"async\" width=\"150\" height=\"150\" src=\"https:\/\/www.directbiz.com.br\/home\/wp-content\/uploads\/2022\/08\/Imagem-Franchising-150x150.jpg\" class=\"attachment-thumbnail size-thumbnail wp-post-image\" alt=\"\" srcset=\"https:\/\/www.directbiz.com.br\/home\/wp-content\/uploads\/2022\/08\/Imagem-Franchising-150x150.jpg 150w, https:\/\/www.directbiz.com.br\/home\/wp-content\/uploads\/2022\/08\/Imagem-Franchising-400x400.jpg 400w, https:\/\/www.directbiz.com.br\/home\/wp-content\/uploads\/2022\/08\/Imagem-Franchising-92x92.jpg 92w, https:\/\/www.directbiz.com.br\/home\/wp-content\/uploads\/2022\/08\/Imagem-Franchising-300x300.jpg 300w, https:\/\/www.directbiz.com.br\/home\/wp-content\/uploads\/2022\/08\/Imagem-Franchising-100x100.jpg 100w\" sizes=\"auto, (max-width: 150px) 100vw, 150px\" \/><\/a><\/div><div class=\"lvca-entry-text-wrap \"><h3 class=\"entry-title\"><a href=\"https:\/\/www.directbiz.com.br\/home\/a-venda-direta-pode-ser-potencializada-pelas-franquias-ou-vice-versa\/\" title=\"A Venda Direta pode ser potencializada pelas Franquias. Ou vice-versa.\"  rel=\"bookmark\">A Venda Direta pode ser potencializada pelas Franquias. Ou vice-versa.<\/a><\/h3><div class=\"entry-summary\">Por Rui Adriano Rosas<\/div><div class=\"lvca-read-more\"><a href=\"https:\/\/www.directbiz.com.br\/home\/a-venda-direta-pode-ser-potencializada-pelas-franquias-ou-vice-versa\/\">Leia o artigo<\/a><\/div><\/div><\/article><!-- .hentry --><\/div><div data-id=\"id-8135\" class=\"lvca-grid-item lvca-portfolio-item  term-98\"><article id=\"post-8135\" class=\"post-8135 post type-post status-publish format-standard has-post-thumbnail hentry category-no-blog\"><div class=\"lvca-project-image\"><a href=\"https:\/\/www.directbiz.com.br\/home\/sua-empresa-ja-iniciou-sua-digital-supply-chain-transformation\/\" ><img loading=\"lazy\" decoding=\"async\" width=\"150\" height=\"150\" src=\"https:\/\/www.directbiz.com.br\/home\/wp-content\/uploads\/2022\/07\/Supply-Chain-Design-150x150.png\" class=\"attachment-thumbnail size-thumbnail wp-post-image\" alt=\"\" srcset=\"https:\/\/www.directbiz.com.br\/home\/wp-content\/uploads\/2022\/07\/Supply-Chain-Design-150x150.png 150w, https:\/\/www.directbiz.com.br\/home\/wp-content\/uploads\/2022\/07\/Supply-Chain-Design-400x400.png 400w, https:\/\/www.directbiz.com.br\/home\/wp-content\/uploads\/2022\/07\/Supply-Chain-Design-92x92.png 92w, https:\/\/www.directbiz.com.br\/home\/wp-content\/uploads\/2022\/07\/Supply-Chain-Design-300x300.png 300w, https:\/\/www.directbiz.com.br\/home\/wp-content\/uploads\/2022\/07\/Supply-Chain-Design-100x100.png 100w\" sizes=\"auto, (max-width: 150px) 100vw, 150px\" \/><\/a><\/div><div class=\"lvca-entry-text-wrap \"><h3 class=\"entry-title\"><a href=\"https:\/\/www.directbiz.com.br\/home\/sua-empresa-ja-iniciou-sua-digital-supply-chain-transformation\/\" title=\"Sua empresa j\u00e1 iniciou sua Digital Supply Chain Transformation?\"  rel=\"bookmark\">Sua empresa j\u00e1 iniciou sua Digital Supply Chain Transformation?<\/a><\/h3><div class=\"entry-summary\">Por Carlos Coimbra<\/div><div class=\"lvca-read-more\"><a href=\"https:\/\/www.directbiz.com.br\/home\/sua-empresa-ja-iniciou-sua-digital-supply-chain-transformation\/\">Leia o artigo<\/a><\/div><\/div><\/article><!-- .hentry --><\/div><div data-id=\"id-8131\" class=\"lvca-grid-item lvca-portfolio-item  term-98\"><article id=\"post-8131\" class=\"post-8131 post type-post status-publish format-standard has-post-thumbnail hentry category-no-blog\"><div class=\"lvca-project-image\"><a href=\"https:\/\/www.directbiz.com.br\/home\/os-simples-segredos-da-venda-direta\/\" ><img loading=\"lazy\" decoding=\"async\" width=\"150\" height=\"150\" src=\"https:\/\/www.directbiz.com.br\/home\/wp-content\/uploads\/2022\/07\/MKT-Relacionamento-150x150.png\" class=\"attachment-thumbnail size-thumbnail wp-post-image\" alt=\"\" srcset=\"https:\/\/www.directbiz.com.br\/home\/wp-content\/uploads\/2022\/07\/MKT-Relacionamento-150x150.png 150w, https:\/\/www.directbiz.com.br\/home\/wp-content\/uploads\/2022\/07\/MKT-Relacionamento-400x400.png 400w, https:\/\/www.directbiz.com.br\/home\/wp-content\/uploads\/2022\/07\/MKT-Relacionamento-92x92.png 92w, https:\/\/www.directbiz.com.br\/home\/wp-content\/uploads\/2022\/07\/MKT-Relacionamento-300x300.png 300w, https:\/\/www.directbiz.com.br\/home\/wp-content\/uploads\/2022\/07\/MKT-Relacionamento-100x100.png 100w\" sizes=\"auto, (max-width: 150px) 100vw, 150px\" \/><\/a><\/div><div class=\"lvca-entry-text-wrap \"><h3 class=\"entry-title\"><a href=\"https:\/\/www.directbiz.com.br\/home\/os-simples-segredos-da-venda-direta\/\" title=\"Os Simples \u201cSegredos\u201d da Venda Direta\"  rel=\"bookmark\">Os Simples \u201cSegredos\u201d da Venda Direta<\/a><\/h3><div class=\"entry-summary\">Por Marcelo Alves<\/div><div class=\"lvca-read-more\"><a href=\"https:\/\/www.directbiz.com.br\/home\/os-simples-segredos-da-venda-direta\/\">Leia o artigo<\/a><\/div><\/div><\/article><!-- .hentry --><\/div><div data-id=\"id-8123\" class=\"lvca-grid-item lvca-portfolio-item  term-98\"><article id=\"post-8123\" class=\"post-8123 post type-post status-publish format-standard has-post-thumbnail hentry category-no-blog\"><div class=\"lvca-project-image\"><a href=\"https:\/\/www.directbiz.com.br\/home\/o-novo-mercado-da-venda-direta-digital\/\" ><img loading=\"lazy\" decoding=\"async\" width=\"150\" height=\"150\" src=\"https:\/\/www.directbiz.com.br\/home\/wp-content\/uploads\/2022\/07\/cowomen-hz-6prUpVss-unsplash-150x150.jpg\" class=\"attachment-thumbnail size-thumbnail wp-post-image\" alt=\"\" srcset=\"https:\/\/www.directbiz.com.br\/home\/wp-content\/uploads\/2022\/07\/cowomen-hz-6prUpVss-unsplash-150x150.jpg 150w, https:\/\/www.directbiz.com.br\/home\/wp-content\/uploads\/2022\/07\/cowomen-hz-6prUpVss-unsplash-400x400.jpg 400w, https:\/\/www.directbiz.com.br\/home\/wp-content\/uploads\/2022\/07\/cowomen-hz-6prUpVss-unsplash-92x92.jpg 92w, https:\/\/www.directbiz.com.br\/home\/wp-content\/uploads\/2022\/07\/cowomen-hz-6prUpVss-unsplash-300x300.jpg 300w, https:\/\/www.directbiz.com.br\/home\/wp-content\/uploads\/2022\/07\/cowomen-hz-6prUpVss-unsplash-100x100.jpg 100w\" sizes=\"auto, (max-width: 150px) 100vw, 150px\" \/><\/a><\/div><div class=\"lvca-entry-text-wrap \"><h3 class=\"entry-title\"><a href=\"https:\/\/www.directbiz.com.br\/home\/o-novo-mercado-da-venda-direta-digital\/\" title=\"O Novo Mercado da Venda Direta Digital\"  rel=\"bookmark\">O Novo Mercado da Venda Direta Digital<\/a><\/h3><div class=\"entry-summary\">Por Marco Ferreira<\/div><div class=\"lvca-read-more\"><a href=\"https:\/\/www.directbiz.com.br\/home\/o-novo-mercado-da-venda-direta-digital\/\">Leia o artigo<\/a><\/div><\/div><\/article><!-- .hentry --><\/div><div data-id=\"id-8111\" class=\"lvca-grid-item lvca-portfolio-item  term-98\"><article id=\"post-8111\" class=\"post-8111 post type-post status-publish format-standard has-post-thumbnail hentry category-no-blog\"><div class=\"lvca-project-image\"><a href=\"https:\/\/www.directbiz.com.br\/home\/os-3-fatores-que-mais-impactam-um-negocio-de-venda-direta\/\" ><img loading=\"lazy\" decoding=\"async\" width=\"150\" height=\"150\" src=\"https:\/\/www.directbiz.com.br\/home\/wp-content\/uploads\/2022\/06\/Custos-e-Produtos-VD-150x150.jpg\" class=\"attachment-thumbnail size-thumbnail wp-post-image\" alt=\"\" srcset=\"https:\/\/www.directbiz.com.br\/home\/wp-content\/uploads\/2022\/06\/Custos-e-Produtos-VD-150x150.jpg 150w, https:\/\/www.directbiz.com.br\/home\/wp-content\/uploads\/2022\/06\/Custos-e-Produtos-VD-400x400.jpg 400w, https:\/\/www.directbiz.com.br\/home\/wp-content\/uploads\/2022\/06\/Custos-e-Produtos-VD-92x92.jpg 92w, https:\/\/www.directbiz.com.br\/home\/wp-content\/uploads\/2022\/06\/Custos-e-Produtos-VD-300x300.jpg 300w, https:\/\/www.directbiz.com.br\/home\/wp-content\/uploads\/2022\/06\/Custos-e-Produtos-VD-100x100.jpg 100w\" sizes=\"auto, (max-width: 150px) 100vw, 150px\" \/><\/a><\/div><div class=\"lvca-entry-text-wrap \"><h3 class=\"entry-title\"><a href=\"https:\/\/www.directbiz.com.br\/home\/os-3-fatores-que-mais-impactam-um-negocio-de-venda-direta\/\" title=\"Os 3 Fatores Que Mais Impactam um Neg\u00f3cio de Venda Direta\"  rel=\"bookmark\">Os 3 Fatores Que Mais Impactam um Neg\u00f3cio de Venda Direta<\/a><\/h3><div class=\"entry-summary\">Por Fernando Gon\u00e7alves<\/div><div class=\"lvca-read-more\"><a href=\"https:\/\/www.directbiz.com.br\/home\/os-3-fatores-que-mais-impactam-um-negocio-de-venda-direta\/\">Leia o artigo<\/a><\/div><\/div><\/article><!-- .hentry --><\/div><div data-id=\"id-4362\" class=\"lvca-grid-item lvca-portfolio-item  term-98\"><article id=\"post-4362\" class=\"post-4362 post type-post status-publish format-standard has-post-thumbnail hentry category-no-blog\"><div class=\"lvca-project-image\"><a href=\"https:\/\/www.directbiz.com.br\/home\/a-transformacao-digital-e-o-varejo\/\" ><img loading=\"lazy\" decoding=\"async\" width=\"150\" height=\"150\" src=\"https:\/\/www.directbiz.com.br\/home\/wp-content\/uploads\/2018\/09\/Transformacao-Digital-150x150.jpg\" class=\"attachment-thumbnail size-thumbnail wp-post-image\" alt=\"\" srcset=\"https:\/\/www.directbiz.com.br\/home\/wp-content\/uploads\/2018\/09\/Transformacao-Digital-150x150.jpg 150w, https:\/\/www.directbiz.com.br\/home\/wp-content\/uploads\/2018\/09\/Transformacao-Digital-400x400.jpg 400w, https:\/\/www.directbiz.com.br\/home\/wp-content\/uploads\/2018\/09\/Transformacao-Digital-92x92.jpg 92w, https:\/\/www.directbiz.com.br\/home\/wp-content\/uploads\/2018\/09\/Transformacao-Digital-300x300.jpg 300w, https:\/\/www.directbiz.com.br\/home\/wp-content\/uploads\/2018\/09\/Transformacao-Digital-100x100.jpg 100w\" sizes=\"auto, (max-width: 150px) 100vw, 150px\" \/><\/a><\/div><div class=\"lvca-entry-text-wrap \"><h3 class=\"entry-title\"><a href=\"https:\/\/www.directbiz.com.br\/home\/a-transformacao-digital-e-o-varejo\/\" title=\"A Transforma\u00e7\u00e3o Digital e o Varejo\"  rel=\"bookmark\">A Transforma\u00e7\u00e3o Digital e o Varejo<\/a><\/h3><div class=\"entry-summary\">Por Marcus Pimenta<\/div><div class=\"lvca-read-more\"><a href=\"https:\/\/www.directbiz.com.br\/home\/a-transformacao-digital-e-o-varejo\/\">Leia o artigo<\/a><\/div><\/div><\/article><!-- .hentry --><\/div><div data-id=\"id-4198\" class=\"lvca-grid-item lvca-portfolio-item  term-98\"><article id=\"post-4198\" class=\"post-4198 post type-post status-publish format-standard has-post-thumbnail hentry category-no-blog\"><div class=\"lvca-project-image\"><a href=\"https:\/\/www.directbiz.com.br\/home\/a-tecnologia-e-o-caminho-para-a-reinvencao-da-venda-direta\/\" ><img loading=\"lazy\" decoding=\"async\" width=\"150\" height=\"150\" src=\"https:\/\/www.directbiz.com.br\/home\/wp-content\/uploads\/2018\/09\/Tecnologia-150x150.jpg\" class=\"attachment-thumbnail size-thumbnail wp-post-image\" alt=\"\" srcset=\"https:\/\/www.directbiz.com.br\/home\/wp-content\/uploads\/2018\/09\/Tecnologia-150x150.jpg 150w, https:\/\/www.directbiz.com.br\/home\/wp-content\/uploads\/2018\/09\/Tecnologia-400x400.jpg 400w, https:\/\/www.directbiz.com.br\/home\/wp-content\/uploads\/2018\/09\/Tecnologia-92x92.jpg 92w, https:\/\/www.directbiz.com.br\/home\/wp-content\/uploads\/2018\/09\/Tecnologia-300x300.jpg 300w, https:\/\/www.directbiz.com.br\/home\/wp-content\/uploads\/2018\/09\/Tecnologia-100x100.jpg 100w\" sizes=\"auto, (max-width: 150px) 100vw, 150px\" \/><\/a><\/div><div class=\"lvca-entry-text-wrap \"><h3 class=\"entry-title\"><a href=\"https:\/\/www.directbiz.com.br\/home\/a-tecnologia-e-o-caminho-para-a-reinvencao-da-venda-direta\/\" title=\"A Tecnologia \u00e9 O CAMINHO para a Reinven\u00e7\u00e3o da Venda Direta\"  rel=\"bookmark\">A Tecnologia \u00e9 O CAMINHO para a Reinven\u00e7\u00e3o da Venda Direta<\/a><\/h3><div class=\"entry-summary\">Por Marcelo Pinheiro<\/div><div class=\"lvca-read-more\"><a href=\"https:\/\/www.directbiz.com.br\/home\/a-tecnologia-e-o-caminho-para-a-reinvencao-da-venda-direta\/\">Leia o artigo<\/a><\/div><\/div><\/article><!-- .hentry --><\/div><div data-id=\"id-4196\" class=\"lvca-grid-item lvca-portfolio-item  term-98\"><article id=\"post-4196\" class=\"post-4196 post type-post status-publish format-standard has-post-thumbnail hentry category-no-blog\"><div class=\"lvca-project-image\"><a href=\"https:\/\/www.directbiz.com.br\/home\/como-fazer-do-limao-uma-limonada-na-era-da-geracao-z\/\" ><img loading=\"lazy\" decoding=\"async\" width=\"150\" height=\"150\" src=\"https:\/\/www.directbiz.com.br\/home\/wp-content\/uploads\/2018\/09\/Gen-Zers-150x150.jpg\" class=\"attachment-thumbnail size-thumbnail wp-post-image\" alt=\"\" srcset=\"https:\/\/www.directbiz.com.br\/home\/wp-content\/uploads\/2018\/09\/Gen-Zers-150x150.jpg 150w, https:\/\/www.directbiz.com.br\/home\/wp-content\/uploads\/2018\/09\/Gen-Zers-400x400.jpg 400w, https:\/\/www.directbiz.com.br\/home\/wp-content\/uploads\/2018\/09\/Gen-Zers-92x92.jpg 92w, https:\/\/www.directbiz.com.br\/home\/wp-content\/uploads\/2018\/09\/Gen-Zers-300x300.jpg 300w, https:\/\/www.directbiz.com.br\/home\/wp-content\/uploads\/2018\/09\/Gen-Zers-100x100.jpg 100w\" sizes=\"auto, (max-width: 150px) 100vw, 150px\" \/><\/a><\/div><div class=\"lvca-entry-text-wrap \"><h3 class=\"entry-title\"><a href=\"https:\/\/www.directbiz.com.br\/home\/como-fazer-do-limao-uma-limonada-na-era-da-geracao-z\/\" title=\"Como Fazer do Lim\u00e3o uma Limonada na Era da \u201cGera\u00e7\u00e3o Z\u201d\"  rel=\"bookmark\">Como Fazer do Lim\u00e3o uma Limonada na Era da \u201cGera\u00e7\u00e3o Z\u201d<\/a><\/h3><div class=\"entry-summary\">Por Leonardo Azevedo<\/div><div class=\"lvca-read-more\"><a href=\"https:\/\/www.directbiz.com.br\/home\/como-fazer-do-limao-uma-limonada-na-era-da-geracao-z\/\">Leia o artigo<\/a><\/div><\/div><\/article><!-- .hentry --><\/div><div data-id=\"id-4200\" class=\"lvca-grid-item lvca-portfolio-item  term-98\"><article id=\"post-4200\" class=\"post-4200 post type-post status-publish format-standard has-post-thumbnail hentry category-no-blog\"><div class=\"lvca-project-image\"><a href=\"https:\/\/www.directbiz.com.br\/home\/branding-e-uma-estrategia-adequada-para-tempos-de-crise\/\" ><img loading=\"lazy\" decoding=\"async\" width=\"150\" height=\"150\" src=\"https:\/\/www.directbiz.com.br\/home\/wp-content\/uploads\/2018\/09\/Branding-150x150.jpg\" class=\"attachment-thumbnail size-thumbnail wp-post-image\" alt=\"\" srcset=\"https:\/\/www.directbiz.com.br\/home\/wp-content\/uploads\/2018\/09\/Branding-150x150.jpg 150w, https:\/\/www.directbiz.com.br\/home\/wp-content\/uploads\/2018\/09\/Branding-400x400.jpg 400w, https:\/\/www.directbiz.com.br\/home\/wp-content\/uploads\/2018\/09\/Branding-92x92.jpg 92w, https:\/\/www.directbiz.com.br\/home\/wp-content\/uploads\/2018\/09\/Branding-300x300.jpg 300w, https:\/\/www.directbiz.com.br\/home\/wp-content\/uploads\/2018\/09\/Branding-100x100.jpg 100w\" sizes=\"auto, (max-width: 150px) 100vw, 150px\" \/><\/a><\/div><div class=\"lvca-entry-text-wrap \"><h3 class=\"entry-title\"><a href=\"https:\/\/www.directbiz.com.br\/home\/branding-e-uma-estrategia-adequada-para-tempos-de-crise\/\" title=\"Branding \u00e9 uma Estrat\u00e9gia Adequada para Tempos de Crise?\"  rel=\"bookmark\">Branding \u00e9 uma Estrat\u00e9gia Adequada para Tempos de Crise?<\/a><\/h3><div class=\"entry-summary\">Por La\u00eds Carvalho<\/div><div class=\"lvca-read-more\"><a href=\"https:\/\/www.directbiz.com.br\/home\/branding-e-uma-estrategia-adequada-para-tempos-de-crise\/\">Leia o artigo<\/a><\/div><\/div><\/article><!-- .hentry --><\/div><div data-id=\"id-4188\" class=\"lvca-grid-item lvca-portfolio-item  term-98\"><article id=\"post-4188\" class=\"post-4188 post type-post status-publish format-standard has-post-thumbnail hentry category-no-blog\"><div class=\"lvca-project-image\"><a href=\"https:\/\/www.directbiz.com.br\/home\/por-que-a-sua-empresa-existe\/\" ><img loading=\"lazy\" decoding=\"async\" width=\"150\" height=\"150\" src=\"https:\/\/www.directbiz.com.br\/home\/wp-content\/uploads\/2019\/02\/33_peq-150x150.jpg\" class=\"attachment-thumbnail size-thumbnail wp-post-image\" alt=\"\" srcset=\"https:\/\/www.directbiz.com.br\/home\/wp-content\/uploads\/2019\/02\/33_peq-150x150.jpg 150w, https:\/\/www.directbiz.com.br\/home\/wp-content\/uploads\/2019\/02\/33_peq-400x400.jpg 400w, https:\/\/www.directbiz.com.br\/home\/wp-content\/uploads\/2019\/02\/33_peq-92x92.jpg 92w, https:\/\/www.directbiz.com.br\/home\/wp-content\/uploads\/2019\/02\/33_peq-300x300.jpg 300w, https:\/\/www.directbiz.com.br\/home\/wp-content\/uploads\/2019\/02\/33_peq-100x100.jpg 100w, https:\/\/www.directbiz.com.br\/home\/wp-content\/uploads\/2019\/02\/33_peq-400x400@2x.jpg 800w, https:\/\/www.directbiz.com.br\/home\/wp-content\/uploads\/2019\/02\/33_peq-92x92@2x.jpg 184w, https:\/\/www.directbiz.com.br\/home\/wp-content\/uploads\/2019\/02\/33_peq-300x300@2x.jpg 600w, https:\/\/www.directbiz.com.br\/home\/wp-content\/uploads\/2019\/02\/33_peq-100x100@2x.jpg 200w\" sizes=\"auto, (max-width: 150px) 100vw, 150px\" \/><\/a><\/div><div class=\"lvca-entry-text-wrap \"><h3 class=\"entry-title\"><a href=\"https:\/\/www.directbiz.com.br\/home\/por-que-a-sua-empresa-existe\/\" title=\"Por Que a sua Empresa Existe? Qual \u00e9 o seu Prop\u00f3sito?\"  rel=\"bookmark\">Por Que a sua Empresa Existe? Qual \u00e9 o seu Prop\u00f3sito?<\/a><\/h3><div class=\"entry-summary\">Por Joseane Tostes<\/div><div class=\"lvca-read-more\"><a href=\"https:\/\/www.directbiz.com.br\/home\/por-que-a-sua-empresa-existe\/\">Leia o artigo<\/a><\/div><\/div><\/article><!-- .hentry --><\/div><\/div><!-- .lvca-portfolio --><\/div><!-- .lvca-portfolio-wrap -->[vc_empty_space height=&#8221;60px&#8221;][\/vc_column][\/vc_row]<\/p>\n","protected":false},"excerpt":{"rendered":"<p>[vc_row][vc_column][vc_column_text]A\u00a0DirectBiz\u00a0possui uma equipe de consultores multidisciplinares especialistas em Venda Direta, e-Commerce, Franquias e Varejo tradicional. Nossos consultores frequentemente escrevem artigos sobre suas especialidades, que s\u00e3o publicados em diferentes redes e [&hellip;]<\/p>\n","protected":false},"author":1,"featured_media":0,"parent":0,"menu_order":10,"comment_status":"closed","ping_status":"closed","template":"","meta":{"footnotes":""},"class_list":["post-4025","page","type-page","status-publish","hentry"],"_links":{"self":[{"href":"https:\/\/www.directbiz.com.br\/home\/wp-json\/wp\/v2\/pages\/4025","targetHints":{"allow":["GET"]}}],"collection":[{"href":"https:\/\/www.directbiz.com.br\/home\/wp-json\/wp\/v2\/pages"}],"about":[{"href":"https:\/\/www.directbiz.com.br\/home\/wp-json\/wp\/v2\/types\/page"}],"author":[{"embeddable":true,"href":"https:\/\/www.directbiz.com.br\/home\/wp-json\/wp\/v2\/users\/1"}],"replies":[{"embeddable":true,"href":"https:\/\/www.directbiz.com.br\/home\/wp-json\/wp\/v2\/comments?post=4025"}],"version-history":[{"count":38,"href":"https:\/\/www.directbiz.com.br\/home\/wp-json\/wp\/v2\/pages\/4025\/revisions"}],"predecessor-version":[{"id":8118,"href":"https:\/\/www.directbiz.com.br\/home\/wp-json\/wp\/v2\/pages\/4025\/revisions\/8118"}],"wp:attachment":[{"href":"https:\/\/www.directbiz.com.br\/home\/wp-json\/wp\/v2\/media?parent=4025"}],"curies":[{"name":"wp","href":"https:\/\/api.w.org\/{rel}","templated":true}]}}