{"id":3808,"date":"2018-09-06T20:13:07","date_gmt":"2018-09-06T23:13:07","guid":{"rendered":"https:\/\/www.directbiz.com.br\/home\/?page_id=3808"},"modified":"2022-06-07T13:50:45","modified_gmt":"2022-06-07T16:50:45","slug":"omnichannel","status":"publish","type":"page","link":"https:\/\/www.directbiz.com.br\/home\/nosso_time\/omnichannel\/","title":{"rendered":"Omnichannel"},"content":{"rendered":"<p>[vc_row css=&#8221;.vc_custom_1536633638049{margin-bottom: 60px !important;}&#8221;][vc_column]<div class=\"\">\n\t<div class=\"rt-vc-title rtin-section-title-left\">\n\t\t\t\t\t<h2 class=\"rt-section-title-vc\" style=\"font-size:36px; color:#222222;\">Omnichannel<\/h2>\n\t\t\t\t\t<div class=\"rt-section-sub-title-vc\" style=\"width:100%; color:#444444;\">Para atender um mercado consumidor cada vez mais omni e complexo, vimos a necessidade de criar um n\u00facleo que atuasse exclusivamente em diversos canais de vendas.<\/p>\n<p>Nossos consultores do N\u00facleo Omnichannel possuem s\u00f3lida experi\u00eancia adquirida durante anos de atua\u00e7\u00e3o no mercado, com destaque especialmente para franquias, varejos, e-commerces e vendas diretas.<\/p>\n<p>Alguns de nossos clientes j\u00e1 atuam em m\u00faltiplos canais de forma harmoniosa e equilibrada, fazendo a experi\u00eancia do consumidor \u00fanica e inesquec\u00edvel.<br \/>\n<\/div>\n\t\t\t<\/div>\n<\/div>[\/vc_column][\/vc_row][vc_row][vc_column]<div>\r\n\t<div class=\"row auto-clear rt-team-grid-1\">\r\n\t\t\t\t\t\t\t<div class=\"col-lg-4 col-md-4 col-sm-6 col-xs-12\">\r\n\t\t\t<div class=\"rtin-single-team\">\r\n\t\t\t\t<div class=\"rtin-item-image\">\r\n\t\t\t\t\t<img loading=\"lazy\" decoding=\"async\" width=\"400\" height=\"400\" src=\"https:\/\/www.directbiz.com.br\/home\/wp-content\/uploads\/2018\/09\/rui_adriano_600px-400x400.jpg\" class=\"attachment-rdtheme-size4 size-rdtheme-size4 wp-post-image\" alt=\"\" srcset=\"https:\/\/www.directbiz.com.br\/home\/wp-content\/uploads\/2018\/09\/rui_adriano_600px-400x400.jpg 400w, https:\/\/www.directbiz.com.br\/home\/wp-content\/uploads\/2018\/09\/rui_adriano_600px-150x150.jpg 150w, https:\/\/www.directbiz.com.br\/home\/wp-content\/uploads\/2018\/09\/rui_adriano_600px-300x300@2x.jpg 600w, https:\/\/www.directbiz.com.br\/home\/wp-content\/uploads\/2018\/09\/rui_adriano_600px-92x92.jpg 92w, https:\/\/www.directbiz.com.br\/home\/wp-content\/uploads\/2018\/09\/rui_adriano_600px-300x300.jpg 300w, https:\/\/www.directbiz.com.br\/home\/wp-content\/uploads\/2018\/09\/rui_adriano_600px-100x100.jpg 100w, https:\/\/www.directbiz.com.br\/home\/wp-content\/uploads\/2018\/09\/rui_adriano_600px-92x92@2x.jpg 184w, https:\/\/www.directbiz.com.br\/home\/wp-content\/uploads\/2018\/09\/rui_adriano_600px-100x100@2x.jpg 200w\" sizes=\"auto, (max-width: 400px) 100vw, 400px\" \/>\t\t\t\t\t<a class=\"plus-icon\" href=\"https:\/\/www.directbiz.com.br\/home\/nosso-time\/rui-adriano-rosas\/\"><i class=\"fa fa-plus\" aria-hidden=\"true\"><\/i><\/a>\r\n\t\t\t\t<\/div>\r\n\t\t\t\t<div class=\"rtin-item-content\">\r\n\t\t\t\t\t<h3><a href=\"https:\/\/www.directbiz.com.br\/home\/nosso-time\/rui-adriano-rosas\/\">Rui Adriano Rosas<\/a><\/h3>\r\n\t\t\t\t\t\t\t\t\t\t\t<span class=\"rtin-position\">Vendas Diretas e Franquias<\/span>\r\n\t\t\t\t\t\t\t\t\t\t\t\t\t\t\t<ul class=\"social-icons\">\r\n\t\t\t\t\t\t\t\t\t\t\t\t\t\t\t\t\t\t\t\t\t\t\t\t\t\t\t\t\t\t\t\t\t\t\t\t\t\t\t\t\t\t\t\t\t\t\t\t\t\t\t\t\t\t\t\t\t\t\t\t\t\t\t\t\t\t\t\t\t\t\t\t\t\t\t\t\t\t\t\t\t\t\t\t\t\t\t\t\t\t\t\t\t\t\t\t\t\t\t\t\t\t\t\t\t\t\t\t\t\t\t\t\t\t\t\t\t\t\t\t<\/ul>\r\n\t\t\t\t\t\t\t\t\t\r\n\t\t\t\t<\/div>\r\n\t\t\t<\/div>\r\n\t\t<\/div>\r\n\t\t\t\t\t\t<div class=\"col-lg-4 col-md-4 col-sm-6 col-xs-12\">\r\n\t\t\t<div class=\"rtin-single-team\">\r\n\t\t\t\t<div class=\"rtin-item-image\">\r\n\t\t\t\t\t<img loading=\"lazy\" decoding=\"async\" width=\"400\" height=\"400\" src=\"https:\/\/www.directbiz.com.br\/home\/wp-content\/uploads\/2018\/09\/joseane_tostes_600px-400x400.jpg\" class=\"attachment-rdtheme-size4 size-rdtheme-size4 wp-post-image\" alt=\"\" srcset=\"https:\/\/www.directbiz.com.br\/home\/wp-content\/uploads\/2018\/09\/joseane_tostes_600px-400x400.jpg 400w, https:\/\/www.directbiz.com.br\/home\/wp-content\/uploads\/2018\/09\/joseane_tostes_600px-150x150.jpg 150w, https:\/\/www.directbiz.com.br\/home\/wp-content\/uploads\/2018\/09\/joseane_tostes_600px-300x300@2x.jpg 600w, https:\/\/www.directbiz.com.br\/home\/wp-content\/uploads\/2018\/09\/joseane_tostes_600px-92x92.jpg 92w, https:\/\/www.directbiz.com.br\/home\/wp-content\/uploads\/2018\/09\/joseane_tostes_600px-300x300.jpg 300w, https:\/\/www.directbiz.com.br\/home\/wp-content\/uploads\/2018\/09\/joseane_tostes_600px-100x100.jpg 100w, https:\/\/www.directbiz.com.br\/home\/wp-content\/uploads\/2018\/09\/joseane_tostes_600px-92x92@2x.jpg 184w, https:\/\/www.directbiz.com.br\/home\/wp-content\/uploads\/2018\/09\/joseane_tostes_600px-100x100@2x.jpg 200w\" sizes=\"auto, (max-width: 400px) 100vw, 400px\" \/>\t\t\t\t\t<a class=\"plus-icon\" href=\"https:\/\/www.directbiz.com.br\/home\/nosso-time\/josie-tostes\/\"><i class=\"fa fa-plus\" aria-hidden=\"true\"><\/i><\/a>\r\n\t\t\t\t<\/div>\r\n\t\t\t\t<div class=\"rtin-item-content\">\r\n\t\t\t\t\t<h3><a href=\"https:\/\/www.directbiz.com.br\/home\/nosso-time\/josie-tostes\/\">Josie Tostes<\/a><\/h3>\r\n\t\t\t\t\t\t\t\t\t\t\t<span class=\"rtin-position\">Franquias e Multicanais<\/span>\r\n\t\t\t\t\t\t\t\t\t\t\t\t\t\t\t<ul class=\"social-icons\">\r\n\t\t\t\t\t\t\t\t\t\t\t\t\t\t\t\t\t\t\t\t\t\t\t\t\t\t\t\t\t\t\t\t\t\t\t\t\t\t\t\t\t\t\t\t\t\t\t\t\t\t\t\t\t\t\t\t\t\t\t\t\t\t\t\t\t\t\t\t\t\t\t\t\t\t\t\t\t\t\t\t\t\t\t\t\t\t\t\t\t\t\t\t\t\t\t\t\t\t\t\t\t\t\t\t\t\t\t\t\t\t\t\t\t\t\t\t\t\t\t\t<\/ul>\r\n\t\t\t\t\t\t\t\t\t\r\n\t\t\t\t<\/div>\r\n\t\t\t<\/div>\r\n\t\t<\/div>\r\n\t\t\t\t\t\t<div class=\"col-lg-4 col-md-4 col-sm-6 col-xs-12\">\r\n\t\t\t<div class=\"rtin-single-team\">\r\n\t\t\t\t<div class=\"rtin-item-image\">\r\n\t\t\t\t\t<img loading=\"lazy\" decoding=\"async\" width=\"400\" height=\"400\" src=\"https:\/\/www.directbiz.com.br\/home\/wp-content\/uploads\/2020\/04\/carlos_coimbra_600px-400x400.jpg\" class=\"attachment-rdtheme-size4 size-rdtheme-size4 wp-post-image\" alt=\"\" srcset=\"https:\/\/www.directbiz.com.br\/home\/wp-content\/uploads\/2020\/04\/carlos_coimbra_600px-400x400.jpg 400w, https:\/\/www.directbiz.com.br\/home\/wp-content\/uploads\/2020\/04\/carlos_coimbra_600px-150x150.jpg 150w, https:\/\/www.directbiz.com.br\/home\/wp-content\/uploads\/2020\/04\/carlos_coimbra_600px-300x300@2x.jpg 600w, https:\/\/www.directbiz.com.br\/home\/wp-content\/uploads\/2020\/04\/carlos_coimbra_600px-92x92.jpg 92w, https:\/\/www.directbiz.com.br\/home\/wp-content\/uploads\/2020\/04\/carlos_coimbra_600px-300x300.jpg 300w, https:\/\/www.directbiz.com.br\/home\/wp-content\/uploads\/2020\/04\/carlos_coimbra_600px-100x100.jpg 100w, https:\/\/www.directbiz.com.br\/home\/wp-content\/uploads\/2020\/04\/carlos_coimbra_600px-92x92@2x.jpg 184w, https:\/\/www.directbiz.com.br\/home\/wp-content\/uploads\/2020\/04\/carlos_coimbra_600px-100x100@2x.jpg 200w\" sizes=\"auto, (max-width: 400px) 100vw, 400px\" \/>\t\t\t\t\t<a class=\"plus-icon\" href=\"https:\/\/www.directbiz.com.br\/home\/nosso-time\/carlos-coimbra-2\/\"><i class=\"fa fa-plus\" aria-hidden=\"true\"><\/i><\/a>\r\n\t\t\t\t<\/div>\r\n\t\t\t\t<div class=\"rtin-item-content\">\r\n\t\t\t\t\t<h3><a href=\"https:\/\/www.directbiz.com.br\/home\/nosso-time\/carlos-coimbra-2\/\">Carlos Coimbra<\/a><\/h3>\r\n\t\t\t\t\t\t\t\t\t\t\t<span class=\"rtin-position\">Supply Chain Intelligence<\/span>\r\n\t\t\t\t\t\t\t\t\t\t\t\t\t\t\t<ul class=\"social-icons\">\r\n\t\t\t\t\t\t\t\t\t\t\t\t\t\t\t\t\t\t\t\t\t\t\t\t\t\t\t\t\t\t\t\t\t\t\t\t\t\t\t\t\t\t\t\t\t\t\t\t\t\t\t\t\t\t\t\t\t\t\t\t\t\t\t\t\t\t\t\t\t\t\t\t\t\t\t\t\t\t\t\t\t\t\t\t\t\t\t\t\t\t\t\t\t\t\t\t\t\t\t\t\t\t\t\t\t\t\t\t\t\t\t\t\t\t\t\t\t\t\t\t<\/ul>\r\n\t\t\t\t\t\t\t\t\t\r\n\t\t\t\t<\/div>\r\n\t\t\t<\/div>\r\n\t\t<\/div>\r\n\t\t\t\t<div class=\"mt20 col-sm-12 col-xs-12 pagination-wrapper\"><\/div>\r\n\t\t\t<\/div>\r\n\t<\/div>[\/vc_column][\/vc_row]<\/p>\n","protected":false},"excerpt":{"rendered":"<p>[vc_row css=&#8221;.vc_custom_1536633638049{margin-bottom: 60px !important;}&#8221;][vc_column][\/vc_column][\/vc_row][vc_row][vc_column][\/vc_column][\/vc_row]<\/p>\n","protected":false},"author":1,"featured_media":0,"parent":3558,"menu_order":0,"comment_status":"closed","ping_status":"closed","template":"","meta":{"footnotes":""},"class_list":["post-3808","page","type-page","status-publish","hentry"],"_links":{"self":[{"href":"https:\/\/www.directbiz.com.br\/home\/wp-json\/wp\/v2\/pages\/3808","targetHints":{"allow":["GET"]}}],"collection":[{"href":"https:\/\/www.directbiz.com.br\/home\/wp-json\/wp\/v2\/pages"}],"about":[{"href":"https:\/\/www.directbiz.com.br\/home\/wp-json\/wp\/v2\/types\/page"}],"author":[{"embeddable":true,"href":"https:\/\/www.directbiz.com.br\/home\/wp-json\/wp\/v2\/users\/1"}],"replies":[{"embeddable":true,"href":"https:\/\/www.directbiz.com.br\/home\/wp-json\/wp\/v2\/comments?post=3808"}],"version-history":[{"count":5,"href":"https:\/\/www.directbiz.com.br\/home\/wp-json\/wp\/v2\/pages\/3808\/revisions"}],"predecessor-version":[{"id":7979,"href":"https:\/\/www.directbiz.com.br\/home\/wp-json\/wp\/v2\/pages\/3808\/revisions\/7979"}],"up":[{"embeddable":true,"href":"https:\/\/www.directbiz.com.br\/home\/wp-json\/wp\/v2\/pages\/3558"}],"wp:attachment":[{"href":"https:\/\/www.directbiz.com.br\/home\/wp-json\/wp\/v2\/media?parent=3808"}],"curies":[{"name":"wp","href":"https:\/\/api.w.org\/{rel}","templated":true}]}}