{"id":3796,"date":"2018-09-06T19:46:58","date_gmt":"2018-09-06T22:46:58","guid":{"rendered":"https:\/\/www.directbiz.com.br\/home\/?page_id=3796"},"modified":"2022-06-07T11:55:51","modified_gmt":"2022-06-07T14:55:51","slug":"venda-direta","status":"publish","type":"page","link":"https:\/\/www.directbiz.com.br\/home\/nosso_time\/venda-direta\/","title":{"rendered":"Venda Direta"},"content":{"rendered":"<p>[vc_row css=&#8221;.vc_custom_1536633437327{margin-bottom: 60px !important;}&#8221;][vc_column]<div class=\"\">\n\t<div class=\"rt-vc-title rtin-section-title-left\">\n\t\t\t\t\t<h2 class=\"rt-section-title-vc\" style=\"font-size:36px; color:#222222;\">Venda Direta<\/h2>\n\t\t\t\t\t<div class=\"rt-section-sub-title-vc\" style=\"width:100%; color:#444444;\">Um dos nossos principais diferenciais \u00e9 o destaque da express\u00e3o \u201cconsultores\u201d na pr\u00f3pria marca, ao inv\u00e9s do termo \u201cconsultoria\u201d.<\/p>\n<p>Eles formam o nosso time de especialistas em Vendas Diretas, com experi\u00eancia adquirida em carreiras executivas de sucesso nas maiores e mais respeitadas empresas nacionais e multinacionais, no mercado brasileiro e internacional, onde atuaram durante muitos anos.<\/p>\n<p>Nossos consultores, com perfis inovadores, disruptivos e pragm\u00e1ticos, se identificam com o prop\u00f3sito de nossos clientes, da concep\u00e7\u00e3o \u00e0 execu\u00e7\u00e3o, comp\u00f5em nossa maior for\u00e7a e d\u00e3o alma e forma ao nosso neg\u00f3cio.<\/p>\n<p>Com eles, desenvolvemos parcerias s\u00f3lidas, algumas h\u00e1 mais de dez anos, e criamos um \u201cn\u00facleo de intelig\u00eancia\u201d, coletivo, pulsante e perene, que nos habilitou a atender com excel\u00eancia e const\u00e2ncia as mais variadas necessidades de nossos clientes.<br \/>\n<\/div>\n\t\t\t<\/div>\n<\/div>[\/vc_column][\/vc_row][vc_row][vc_column]<div>\r\n\t<div class=\"row auto-clear rt-team-grid-1\">\r\n\t\t\t\t\t\t\t<div class=\"col-lg-4 col-md-4 col-sm-6 col-xs-12\">\r\n\t\t\t<div class=\"rtin-single-team\">\r\n\t\t\t\t<div class=\"rtin-item-image\">\r\n\t\t\t\t\t<img loading=\"lazy\" decoding=\"async\" width=\"400\" height=\"400\" src=\"https:\/\/www.directbiz.com.br\/home\/wp-content\/uploads\/2022\/06\/marcos_ferreira_600px-400x400.png\" class=\"attachment-rdtheme-size4 size-rdtheme-size4 wp-post-image\" alt=\"\" srcset=\"https:\/\/www.directbiz.com.br\/home\/wp-content\/uploads\/2022\/06\/marcos_ferreira_600px-400x400.png 400w, https:\/\/www.directbiz.com.br\/home\/wp-content\/uploads\/2022\/06\/marcos_ferreira_600px-150x150.png 150w, https:\/\/www.directbiz.com.br\/home\/wp-content\/uploads\/2022\/06\/marcos_ferreira_600px-600x600.png 600w, https:\/\/www.directbiz.com.br\/home\/wp-content\/uploads\/2022\/06\/marcos_ferreira_600px-92x92.png 92w, https:\/\/www.directbiz.com.br\/home\/wp-content\/uploads\/2022\/06\/marcos_ferreira_600px-300x300.png 300w, https:\/\/www.directbiz.com.br\/home\/wp-content\/uploads\/2022\/06\/marcos_ferreira_600px-100x100.png 100w\" sizes=\"auto, (max-width: 400px) 100vw, 400px\" \/>\t\t\t\t\t<a class=\"plus-icon\" href=\"https:\/\/www.directbiz.com.br\/home\/nosso-time\/marco-ferreira\/\"><i class=\"fa fa-plus\" aria-hidden=\"true\"><\/i><\/a>\r\n\t\t\t\t<\/div>\r\n\t\t\t\t<div class=\"rtin-item-content\">\r\n\t\t\t\t\t<h3><a href=\"https:\/\/www.directbiz.com.br\/home\/nosso-time\/marco-ferreira\/\">Marco Ferreira<\/a><\/h3>\r\n\t\t\t\t\t\t\t\t\t\t\t<span class=\"rtin-position\">Planejamento Digital<\/span>\r\n\t\t\t\t\t\t\t\t\t\t\t\t\t\t\t<ul class=\"social-icons\">\r\n\t\t\t\t\t\t\t\t\t\t\t\t\t\t\t\t\t\t\t\t\t\t\t\t\t\t\t\t\t\t\t\t\t\t\t\t\t\t\t\t\t\t\t\t\t\t\t\t\t\t\t\t\t\t\t\t\t\t\t\t\t\t\t\t\t\t\t\t\t\t\t\t\t\t\t\t\t\t\t\t\t\t\t\t\t\t\t\t\t\t\t\t\t\t\t\t\t\t\t\t\t\t\t\t\t\t\t\t\t\t\t\t\t\t\t\t\t\t\t\t<\/ul>\r\n\t\t\t\t\t\t\t\t\t\r\n\t\t\t\t<\/div>\r\n\t\t\t<\/div>\r\n\t\t<\/div>\r\n\t\t\t\t\t\t<div class=\"col-lg-4 col-md-4 col-sm-6 col-xs-12\">\r\n\t\t\t<div class=\"rtin-single-team\">\r\n\t\t\t\t<div class=\"rtin-item-image\">\r\n\t\t\t\t\t<img loading=\"lazy\" decoding=\"async\" width=\"400\" height=\"400\" src=\"https:\/\/www.directbiz.com.br\/home\/wp-content\/uploads\/2018\/09\/jeferson_mola_600px-400x400.jpg\" class=\"attachment-rdtheme-size4 size-rdtheme-size4 wp-post-image\" alt=\"\" srcset=\"https:\/\/www.directbiz.com.br\/home\/wp-content\/uploads\/2018\/09\/jeferson_mola_600px-400x400.jpg 400w, https:\/\/www.directbiz.com.br\/home\/wp-content\/uploads\/2018\/09\/jeferson_mola_600px-150x150.jpg 150w, https:\/\/www.directbiz.com.br\/home\/wp-content\/uploads\/2018\/09\/jeferson_mola_600px-300x300@2x.jpg 600w, https:\/\/www.directbiz.com.br\/home\/wp-content\/uploads\/2018\/09\/jeferson_mola_600px-92x92.jpg 92w, https:\/\/www.directbiz.com.br\/home\/wp-content\/uploads\/2018\/09\/jeferson_mola_600px-300x300.jpg 300w, https:\/\/www.directbiz.com.br\/home\/wp-content\/uploads\/2018\/09\/jeferson_mola_600px-100x100.jpg 100w, https:\/\/www.directbiz.com.br\/home\/wp-content\/uploads\/2018\/09\/jeferson_mola_600px-92x92@2x.jpg 184w, https:\/\/www.directbiz.com.br\/home\/wp-content\/uploads\/2018\/09\/jeferson_mola_600px-100x100@2x.jpg 200w\" sizes=\"auto, (max-width: 400px) 100vw, 400px\" \/>\t\t\t\t\t<a class=\"plus-icon\" href=\"https:\/\/www.directbiz.com.br\/home\/nosso-time\/jeferson-mola\/\"><i class=\"fa fa-plus\" aria-hidden=\"true\"><\/i><\/a>\r\n\t\t\t\t<\/div>\r\n\t\t\t\t<div class=\"rtin-item-content\">\r\n\t\t\t\t\t<h3><a href=\"https:\/\/www.directbiz.com.br\/home\/nosso-time\/jeferson-mola\/\">Jeferson Mola<\/a><\/h3>\r\n\t\t\t\t\t\t\t\t\t\t\t<span class=\"rtin-position\">Comunica\u00e7\u00e3o e Marketing<\/span>\r\n\t\t\t\t\t\t\t\t\t\t\t\t\t\t\t<ul class=\"social-icons\">\r\n\t\t\t\t\t\t\t\t\t\t\t\t\t\t\t\t\t\t\t\t\t\t\t\t\t\t\t\t\t\t\t\t\t\t\t\t\t\t\t\t\t\t\t\t\t\t\t\t\t\t\t\t\t\t\t\t\t\t\t\t\t\t\t\t\t\t\t\t\t\t\t\t\t\t\t\t\t\t\t\t\t\t\t\t\t\t\t\t\t\t\t\t\t\t\t\t\t\t\t\t\t\t\t\t\t\t\t\t\t\t\t\t\t\t\t\t\t\t\t\t<\/ul>\r\n\t\t\t\t\t\t\t\t\t\r\n\t\t\t\t<\/div>\r\n\t\t\t<\/div>\r\n\t\t<\/div>\r\n\t\t\t\t\t\t<div class=\"col-lg-4 col-md-4 col-sm-6 col-xs-12\">\r\n\t\t\t<div class=\"rtin-single-team\">\r\n\t\t\t\t<div class=\"rtin-item-image\">\r\n\t\t\t\t\t<img loading=\"lazy\" decoding=\"async\" width=\"400\" height=\"400\" src=\"https:\/\/www.directbiz.com.br\/home\/wp-content\/uploads\/2018\/09\/marilia_valente_600px-400x400.jpg\" class=\"attachment-rdtheme-size4 size-rdtheme-size4 wp-post-image\" alt=\"\" srcset=\"https:\/\/www.directbiz.com.br\/home\/wp-content\/uploads\/2018\/09\/marilia_valente_600px-400x400.jpg 400w, https:\/\/www.directbiz.com.br\/home\/wp-content\/uploads\/2018\/09\/marilia_valente_600px-150x150.jpg 150w, https:\/\/www.directbiz.com.br\/home\/wp-content\/uploads\/2018\/09\/marilia_valente_600px-300x300@2x.jpg 600w, https:\/\/www.directbiz.com.br\/home\/wp-content\/uploads\/2018\/09\/marilia_valente_600px-92x92.jpg 92w, https:\/\/www.directbiz.com.br\/home\/wp-content\/uploads\/2018\/09\/marilia_valente_600px-300x300.jpg 300w, https:\/\/www.directbiz.com.br\/home\/wp-content\/uploads\/2018\/09\/marilia_valente_600px-100x100.jpg 100w, https:\/\/www.directbiz.com.br\/home\/wp-content\/uploads\/2018\/09\/marilia_valente_600px-92x92@2x.jpg 184w, https:\/\/www.directbiz.com.br\/home\/wp-content\/uploads\/2018\/09\/marilia_valente_600px-100x100@2x.jpg 200w\" sizes=\"auto, (max-width: 400px) 100vw, 400px\" \/>\t\t\t\t\t<a class=\"plus-icon\" href=\"https:\/\/www.directbiz.com.br\/home\/nosso-time\/marilia-valente\/\"><i class=\"fa fa-plus\" aria-hidden=\"true\"><\/i><\/a>\r\n\t\t\t\t<\/div>\r\n\t\t\t\t<div class=\"rtin-item-content\">\r\n\t\t\t\t\t<h3><a href=\"https:\/\/www.directbiz.com.br\/home\/nosso-time\/marilia-valente\/\">Mar\u00edlia Valente<\/a><\/h3>\r\n\t\t\t\t\t\t\t\t\t\t\t<span class=\"rtin-position\">Hunting e Treinamento<\/span>\r\n\t\t\t\t\t\t\t\t\t\t\t\t\t\t\t<ul class=\"social-icons\">\r\n\t\t\t\t\t\t\t\t\t\t\t\t\t\t\t\t\t\t\t\t\t\t\t\t\t\t\t\t\t\t\t\t\t\t\t\t\t\t\t\t\t\t\t\t\t\t\t\t\t\t\t\t\t\t\t\t\t\t\t\t\t\t\t\t\t\t\t\t\t\t\t\t\t\t\t\t\t\t\t\t\t\t\t\t\t\t\t\t\t\t\t\t\t\t\t\t\t\t\t\t\t\t\t\t\t\t\t\t\t\t\t\t\t\t\t\t\t\t\t\t<\/ul>\r\n\t\t\t\t\t\t\t\t\t\r\n\t\t\t\t<\/div>\r\n\t\t\t<\/div>\r\n\t\t<\/div>\r\n\t\t\t\t\t\t<div class=\"col-lg-4 col-md-4 col-sm-6 col-xs-12\">\r\n\t\t\t<div class=\"rtin-single-team\">\r\n\t\t\t\t<div class=\"rtin-item-image\">\r\n\t\t\t\t\t<img loading=\"lazy\" decoding=\"async\" width=\"400\" height=\"400\" src=\"https:\/\/www.directbiz.com.br\/home\/wp-content\/uploads\/2018\/09\/daniel_castro_600px-400x400.jpg\" class=\"attachment-rdtheme-size4 size-rdtheme-size4 wp-post-image\" alt=\"\" srcset=\"https:\/\/www.directbiz.com.br\/home\/wp-content\/uploads\/2018\/09\/daniel_castro_600px-400x400.jpg 400w, https:\/\/www.directbiz.com.br\/home\/wp-content\/uploads\/2018\/09\/daniel_castro_600px-150x150.jpg 150w, https:\/\/www.directbiz.com.br\/home\/wp-content\/uploads\/2018\/09\/daniel_castro_600px-300x300@2x.jpg 600w, https:\/\/www.directbiz.com.br\/home\/wp-content\/uploads\/2018\/09\/daniel_castro_600px-92x92.jpg 92w, https:\/\/www.directbiz.com.br\/home\/wp-content\/uploads\/2018\/09\/daniel_castro_600px-300x300.jpg 300w, https:\/\/www.directbiz.com.br\/home\/wp-content\/uploads\/2018\/09\/daniel_castro_600px-100x100.jpg 100w, https:\/\/www.directbiz.com.br\/home\/wp-content\/uploads\/2018\/09\/daniel_castro_600px-92x92@2x.jpg 184w, https:\/\/www.directbiz.com.br\/home\/wp-content\/uploads\/2018\/09\/daniel_castro_600px-100x100@2x.jpg 200w\" sizes=\"auto, (max-width: 400px) 100vw, 400px\" \/>\t\t\t\t\t<a class=\"plus-icon\" href=\"https:\/\/www.directbiz.com.br\/home\/nosso-time\/daniel-castro\/\"><i class=\"fa fa-plus\" aria-hidden=\"true\"><\/i><\/a>\r\n\t\t\t\t<\/div>\r\n\t\t\t\t<div class=\"rtin-item-content\">\r\n\t\t\t\t\t<h3><a href=\"https:\/\/www.directbiz.com.br\/home\/nosso-time\/daniel-castro\/\">Daniel Castro<\/a><\/h3>\r\n\t\t\t\t\t\t\t\t\t\t\t<span class=\"rtin-position\">Multin\u00edvel e Relacionamento<\/span>\r\n\t\t\t\t\t\t\t\t\t\t\t\t\t\t\t<ul class=\"social-icons\">\r\n\t\t\t\t\t\t\t\t\t\t\t\t\t\t\t\t\t\t\t\t\t\t\t\t\t\t\t\t\t\t\t\t\t\t\t\t\t\t\t\t\t\t\t\t\t\t\t\t\t\t\t\t\t\t\t\t\t\t\t\t\t\t\t\t\t\t\t\t\t\t\t\t\t\t\t\t\t\t\t\t\t\t\t\t\t\t\t\t\t\t\t\t\t\t\t\t\t\t\t\t\t\t\t\t\t\t\t\t\t\t\t\t\t\t\t\t\t\t\t\t<\/ul>\r\n\t\t\t\t\t\t\t\t\t\r\n\t\t\t\t<\/div>\r\n\t\t\t<\/div>\r\n\t\t<\/div>\r\n\t\t\t\t\t\t<div class=\"col-lg-4 col-md-4 col-sm-6 col-xs-12\">\r\n\t\t\t<div class=\"rtin-single-team\">\r\n\t\t\t\t<div class=\"rtin-item-image\">\r\n\t\t\t\t\t<img loading=\"lazy\" decoding=\"async\" width=\"400\" height=\"400\" src=\"https:\/\/www.directbiz.com.br\/home\/wp-content\/uploads\/2020\/04\/marcelo_alves_600px-400x400.jpg\" class=\"attachment-rdtheme-size4 size-rdtheme-size4 wp-post-image\" alt=\"\" srcset=\"https:\/\/www.directbiz.com.br\/home\/wp-content\/uploads\/2020\/04\/marcelo_alves_600px-400x400.jpg 400w, https:\/\/www.directbiz.com.br\/home\/wp-content\/uploads\/2020\/04\/marcelo_alves_600px-150x150.jpg 150w, https:\/\/www.directbiz.com.br\/home\/wp-content\/uploads\/2020\/04\/marcelo_alves_600px-300x300@2x.jpg 600w, https:\/\/www.directbiz.com.br\/home\/wp-content\/uploads\/2020\/04\/marcelo_alves_600px-92x92.jpg 92w, https:\/\/www.directbiz.com.br\/home\/wp-content\/uploads\/2020\/04\/marcelo_alves_600px-300x300.jpg 300w, https:\/\/www.directbiz.com.br\/home\/wp-content\/uploads\/2020\/04\/marcelo_alves_600px-100x100.jpg 100w, https:\/\/www.directbiz.com.br\/home\/wp-content\/uploads\/2020\/04\/marcelo_alves_600px-92x92@2x.jpg 184w, https:\/\/www.directbiz.com.br\/home\/wp-content\/uploads\/2020\/04\/marcelo_alves_600px-100x100@2x.jpg 200w\" sizes=\"auto, (max-width: 400px) 100vw, 400px\" \/>\t\t\t\t\t<a class=\"plus-icon\" href=\"https:\/\/www.directbiz.com.br\/home\/nosso-time\/marcelo-alves-2\/\"><i class=\"fa fa-plus\" aria-hidden=\"true\"><\/i><\/a>\r\n\t\t\t\t<\/div>\r\n\t\t\t\t<div class=\"rtin-item-content\">\r\n\t\t\t\t\t<h3><a href=\"https:\/\/www.directbiz.com.br\/home\/nosso-time\/marcelo-alves-2\/\">Marcelo Alves<\/a><\/h3>\r\n\t\t\t\t\t\t\t\t\t\t\t<span class=\"rtin-position\">Bin\u00edvel e Comunica\u00e7\u00e3o<\/span>\r\n\t\t\t\t\t\t\t\t\t\t\t\t\t\t\t<ul class=\"social-icons\">\r\n\t\t\t\t\t\t\t\t\t\t\t\t\t\t\t\t\t\t\t\t\t\t\t\t\t\t\t\t\t\t\t\t\t\t\t\t\t\t\t\t\t\t\t\t\t\t\t\t\t\t\t\t\t\t\t\t\t\t\t\t\t\t\t\t\t\t\t\t\t\t\t\t\t\t\t\t\t\t\t\t\t\t\t\t\t\t\t\t\t\t\t\t\t\t\t\t\t\t\t\t\t\t\t\t\t\t\t\t\t\t\t\t\t\t\t\t\t\t\t\t<\/ul>\r\n\t\t\t\t\t\t\t\t\t\r\n\t\t\t\t<\/div>\r\n\t\t\t<\/div>\r\n\t\t<\/div>\r\n\t\t\t\t<div class=\"mt20 col-sm-12 col-xs-12 pagination-wrapper\"><\/div>\r\n\t\t\t<\/div>\r\n\t<\/div>[\/vc_column][\/vc_row]<\/p>\n","protected":false},"excerpt":{"rendered":"<p>[vc_row css=&#8221;.vc_custom_1536633437327{margin-bottom: 60px !important;}&#8221;][vc_column][\/vc_column][\/vc_row][vc_row][vc_column][\/vc_column][\/vc_row]<\/p>\n","protected":false},"author":1,"featured_media":0,"parent":3558,"menu_order":0,"comment_status":"closed","ping_status":"closed","template":"","meta":{"footnotes":""},"class_list":["post-3796","page","type-page","status-publish","hentry"],"_links":{"self":[{"href":"https:\/\/www.directbiz.com.br\/home\/wp-json\/wp\/v2\/pages\/3796","targetHints":{"allow":["GET"]}}],"collection":[{"href":"https:\/\/www.directbiz.com.br\/home\/wp-json\/wp\/v2\/pages"}],"about":[{"href":"https:\/\/www.directbiz.com.br\/home\/wp-json\/wp\/v2\/types\/page"}],"author":[{"embeddable":true,"href":"https:\/\/www.directbiz.com.br\/home\/wp-json\/wp\/v2\/users\/1"}],"replies":[{"embeddable":true,"href":"https:\/\/www.directbiz.com.br\/home\/wp-json\/wp\/v2\/comments?post=3796"}],"version-history":[{"count":8,"href":"https:\/\/www.directbiz.com.br\/home\/wp-json\/wp\/v2\/pages\/3796\/revisions"}],"predecessor-version":[{"id":7975,"href":"https:\/\/www.directbiz.com.br\/home\/wp-json\/wp\/v2\/pages\/3796\/revisions\/7975"}],"up":[{"embeddable":true,"href":"https:\/\/www.directbiz.com.br\/home\/wp-json\/wp\/v2\/pages\/3558"}],"wp:attachment":[{"href":"https:\/\/www.directbiz.com.br\/home\/wp-json\/wp\/v2\/media?parent=3796"}],"curies":[{"name":"wp","href":"https:\/\/api.w.org\/{rel}","templated":true}]}}