{"id":3558,"date":"2018-08-14T16:22:41","date_gmt":"2018-08-14T19:22:41","guid":{"rendered":"https:\/\/www.directbiz.com.br\/home\/?page_id=3558"},"modified":"2018-09-13T17:50:29","modified_gmt":"2018-09-13T20:50:29","slug":"nosso_time","status":"publish","type":"page","link":"https:\/\/www.directbiz.com.br\/home\/nosso_time\/","title":{"rendered":"Nosso Time"},"content":{"rendered":"<p>[vc_row][vc_column]<div class=\"\">\r\n\t<div class=\"rt-text-with-image\">\r\n\t\t<div class=\"row\">\r\n\t\t\t<div class=\"col-lg-6 col-md-6 col-sm-6 col-xs-12\">\r\n\t\t\t\t<div class=\"rtin-text-part\">\r\n\t\t\t\t\t\t\t\t\t\t<h2 style=\"color:#000000\">Nosso Time<\/h2>\r\n\t\t\t\t\t\t\t\t\t\tUm dos principais diferenciais da <strong>Direct<span style=\"color: #ff0000\">Biz<\/span> Consultants<\/strong>, \u00e9 o destaque dos nossos consultores ao inv\u00e9s da consultoria na pr\u00f3pria marca. Eles s\u00e3o nossos especialistas. Mas toda uma equipe de gestores, diretores e s\u00f3cios, juntamente com eles, formam nosso time, com muita experi\u00eancia adquirida em carreiras de sucesso nas maiores e mais respeitadas empresas nacionais e multinacionais do mercado brasileiro.<\/p>\n<p>A <strong>Direct<span style=\"color: #ff0000\">Biz<\/span><\/strong> \u00e9 composta atualmente por <b>vinte<\/b>\u00a0profissionais:<br \/>\n<strong>01 S\u00f3cio<\/strong> fundador<br \/>\n<strong>03 Diretore<\/strong>s (DBiz MPE, Projetos e Omnichannel)<br \/>\n<strong>02 Gestores<\/strong> Internos (Back Office)<br \/>\n<strong>14 Consultores<\/strong> Especialistas\t\t\t\t<\/div>\r\n\t\t\t<\/div>\r\n\t\t\t<div class=\"col-lg-6 col-md-6 col-sm-6 col-xs-12\">\r\n\t\t\t\t<img loading=\"lazy\" decoding=\"async\" width=\"1000\" height=\"592\" src=\"https:\/\/www.directbiz.com.br\/home\/wp-content\/uploads\/2018\/08\/dbiz_equipe_1000px.jpg\" class=\"attachment-full size-full\" alt=\"\" srcset=\"https:\/\/www.directbiz.com.br\/home\/wp-content\/uploads\/2018\/08\/dbiz_equipe_1000px.jpg 1000w, https:\/\/www.directbiz.com.br\/home\/wp-content\/uploads\/2018\/08\/dbiz_equipe_1000px-300x178.jpg 300w, https:\/\/www.directbiz.com.br\/home\/wp-content\/uploads\/2018\/08\/dbiz_equipe_1000px-768x455.jpg 768w, https:\/\/www.directbiz.com.br\/home\/wp-content\/uploads\/2018\/08\/dbiz_equipe_1000px-600x355.jpg 600w\" sizes=\"auto, (max-width: 1000px) 100vw, 1000px\" \/>\t\t\t<\/div>\r\n\t\t<\/div>\r\n\t<\/div>\r\n<\/div>[\/vc_column][\/vc_row]<\/p>\n","protected":false},"excerpt":{"rendered":"<p>[vc_row][vc_column][\/vc_column][\/vc_row]<\/p>\n","protected":false},"author":1,"featured_media":0,"parent":0,"menu_order":0,"comment_status":"closed","ping_status":"closed","template":"","meta":{"footnotes":""},"class_list":["post-3558","page","type-page","status-publish","hentry"],"_links":{"self":[{"href":"https:\/\/www.directbiz.com.br\/home\/wp-json\/wp\/v2\/pages\/3558","targetHints":{"allow":["GET"]}}],"collection":[{"href":"https:\/\/www.directbiz.com.br\/home\/wp-json\/wp\/v2\/pages"}],"about":[{"href":"https:\/\/www.directbiz.com.br\/home\/wp-json\/wp\/v2\/types\/page"}],"author":[{"embeddable":true,"href":"https:\/\/www.directbiz.com.br\/home\/wp-json\/wp\/v2\/users\/1"}],"replies":[{"embeddable":true,"href":"https:\/\/www.directbiz.com.br\/home\/wp-json\/wp\/v2\/comments?post=3558"}],"version-history":[{"count":7,"href":"https:\/\/www.directbiz.com.br\/home\/wp-json\/wp\/v2\/pages\/3558\/revisions"}],"predecessor-version":[{"id":4089,"href":"https:\/\/www.directbiz.com.br\/home\/wp-json\/wp\/v2\/pages\/3558\/revisions\/4089"}],"wp:attachment":[{"href":"https:\/\/www.directbiz.com.br\/home\/wp-json\/wp\/v2\/media?parent=3558"}],"curies":[{"name":"wp","href":"https:\/\/api.w.org\/{rel}","templated":true}]}}