{"id":2318,"date":"2017-08-28T19:31:14","date_gmt":"2017-08-28T19:31:14","guid":{"rendered":"http:\/\/www.directbiz.com.br\/home\/?page_id=2318"},"modified":"2022-05-25T15:33:31","modified_gmt":"2022-05-25T18:33:31","slug":"novos_negocios","status":"publish","type":"page","link":"https:\/\/www.directbiz.com.br\/home\/novos_negocios\/","title":{"rendered":"Novos Neg\u00f3cios"},"content":{"rendered":"<p>[vc_row][vc_column]<div class=\"\">\n\t<div class=\"rt-vc-title rtin-section-title-center\">\n\t\t\t\t\t<h2 class=\"rt-section-title-vc\" style=\"font-size:30px; color:#222222;\">Novos Neg\u00f3cios<\/h2>\n\t\t\t<\/div>\n<\/div>[\/vc_column][\/vc_row][vc_row][vc_column]<div class=\"media rt-info-text  layout3\" style=\"\" data-color=\"\" data-hover=\"#cb1011\" data-title-color=\"#222222\" data-title-hover=\"#cb1011\">\n    <div class=\"pull-left\">\n                    <img loading=\"lazy\" decoding=\"async\" width=\"500\" height=\"167\" src=\"https:\/\/www.directbiz.com.br\/home\/wp-content\/uploads\/2019\/02\/logo_DBizMPE.png\" class=\"attachment-500x500 size-500x500\" alt=\"\" srcset=\"https:\/\/www.directbiz.com.br\/home\/wp-content\/uploads\/2019\/02\/logo_DBizMPE.png 531w, https:\/\/www.directbiz.com.br\/home\/wp-content\/uploads\/2019\/02\/logo_DBizMPE-300x100.png 300w\" sizes=\"auto, (max-width: 500px) 100vw, 500px\" \/>            <\/div>\n    <div class=\"media-body\">\n        <h3 class=\"media-heading\" style=\"margin-top: px;margin-bottom: px;color:#222222\"><\/h3>\n        <p class=\"mb0\" style=\"\"><\/p>\n<p style=\"text-align: left\">Desde nossa cria\u00e7\u00e3o, sempre valorizamos e atendemos empresas de pequeno, m\u00e9dio e grande porte, sem uma diferencia\u00e7\u00e3o qualitativa nos trabalhos desenvolvidos.<\/p>\n<p style=\"text-align: left\">Com base no crescimento do nosso neg\u00f3cio ao longo de todos esses anos, sentimos a necessidade de separar o atendimento dos clientes em empresas independentes, mantendo nossa ess\u00eancia e preservando a efetividade e a assertividade desejadas e esperadas pelos clientes.<\/p>\n<p style=\"text-align: left\">Com o incremento do empreendedorismo no Brasil e o crescimento das micro e pequenas empresas, criamos em 2017 uma empresa voltada exclusivamente para as necessidades desse segmento de mercado \u2013 a DBiz MPE, com os mesmos s\u00f3cios, equipe especializada e produtos e projetos adequados e acess\u00edveis aos empreendedores.<\/p>\n<p style=\"text-align: left\"><strong>Visite o site\u00a0<a href=\"https:\/\/www.dbizmpe.com.br\/\" target=\"_blank\" rel=\"noopener\">www.dbizmpe.com.br<\/a><\/strong><\/p>\n<p><\/p>\n    <\/div>\n    <div class=\"clear\"><\/div>\n<\/div>[\/vc_column][\/vc_row]<\/p>\n","protected":false},"excerpt":{"rendered":"<p>[vc_row][vc_column][\/vc_column][\/vc_row][vc_row][vc_column][\/vc_column][\/vc_row]<\/p>\n","protected":false},"author":3,"featured_media":0,"parent":0,"menu_order":0,"comment_status":"closed","ping_status":"closed","template":"","meta":{"footnotes":""},"class_list":["post-2318","page","type-page","status-publish","hentry"],"_links":{"self":[{"href":"https:\/\/www.directbiz.com.br\/home\/wp-json\/wp\/v2\/pages\/2318","targetHints":{"allow":["GET"]}}],"collection":[{"href":"https:\/\/www.directbiz.com.br\/home\/wp-json\/wp\/v2\/pages"}],"about":[{"href":"https:\/\/www.directbiz.com.br\/home\/wp-json\/wp\/v2\/types\/page"}],"author":[{"embeddable":true,"href":"https:\/\/www.directbiz.com.br\/home\/wp-json\/wp\/v2\/users\/3"}],"replies":[{"embeddable":true,"href":"https:\/\/www.directbiz.com.br\/home\/wp-json\/wp\/v2\/comments?post=2318"}],"version-history":[{"count":10,"href":"https:\/\/www.directbiz.com.br\/home\/wp-json\/wp\/v2\/pages\/2318\/revisions"}],"predecessor-version":[{"id":7954,"href":"https:\/\/www.directbiz.com.br\/home\/wp-json\/wp\/v2\/pages\/2318\/revisions\/7954"}],"wp:attachment":[{"href":"https:\/\/www.directbiz.com.br\/home\/wp-json\/wp\/v2\/media?parent=2318"}],"curies":[{"name":"wp","href":"https:\/\/api.w.org\/{rel}","templated":true}]}}